{"id":12,"date":"2023-05-28T22:45:24","date_gmt":"2023-05-28T20:45:24","guid":{"rendered":"http:\/\/gazproidf.fr\/?page_id=12"},"modified":"2024-02-21T22:57:48","modified_gmt":"2024-02-21T21:57:48","slug":"accueil","status":"publish","type":"page","link":"https:\/\/gazproidf.fr\/","title":{"rendered":"Accueil"},"content":{"rendered":"\n<div class=\"wp-block-cover alignfull is-light hestia-clear-top-padding\"><span aria-hidden=\"true\" class=\"wp-block-cover__background has-white-background-color has-background-dim-100 has-background-dim\"><\/span><div class=\"wp-block-cover__inner-container is-layout-flow wp-block-cover-is-layout-flow\">\n<h2 class=\"wp-block-heading has-text-align-center has-text-color\" style=\"color:#3c4858\">Ce que nous sommes<\/h2>\n\n\n\n<div style=\"height:40px\" aria-hidden=\"true\" class=\"wp-block-spacer\"><\/div>\n\n\n\n<div class=\"wp-block-columns container is-layout-flex wp-container-core-columns-is-layout-9d6595d7 wp-block-columns-is-layout-flex\">\n<div class=\"wp-block-column is-layout-flow wp-block-column-is-layout-flow\"><div class=\"wp-block-image is-style-default\">\n<figure class=\"aligncenter size-full is-resized\"><img loading=\"lazy\" decoding=\"async\" width=\"500\" height=\"563\" src=\"http:\/\/gazproidf.fr\/wp-content\/uploads\/2024\/02\/PG-V-Installation-Maintenance-e1708552094415.jpg\" alt=\"\" class=\"wp-image-89\" style=\"width:200px\"\/><\/figure>\n<\/div>\n\n\n<p class=\"has-text-align-center has-text-color\" style=\"color:#999999;font-size:14px\">CERTIFICATION<\/p>\n\n\n\n<div style=\"height:25px\" aria-hidden=\"true\" class=\"wp-block-spacer\"><\/div>\n<\/div>\n\n\n\n<div class=\"wp-block-column is-layout-flow wp-block-column-is-layout-flow\">\n<p class=\"has-text-align-center has-text-color\" style=\"color:#999999;font-size:14px\"><\/p>\n\n\n<div class=\"wp-block-image\">\n<figure class=\"aligncenter size-full is-resized\"><img loading=\"lazy\" decoding=\"async\" width=\"512\" height=\"512\" src=\"http:\/\/gazproidf.fr\/wp-content\/uploads\/2023\/05\/cropped-GazPro-Logo-2048px-1.png\" alt=\"\" class=\"wp-image-23\" style=\"object-fit:cover;width:200px;height:200px\" srcset=\"https:\/\/gazproidf.fr\/wp-content\/uploads\/2023\/05\/cropped-GazPro-Logo-2048px-1.png 512w, https:\/\/gazproidf.fr\/wp-content\/uploads\/2023\/05\/cropped-GazPro-Logo-2048px-1-300x300.png 300w, https:\/\/gazproidf.fr\/wp-content\/uploads\/2023\/05\/cropped-GazPro-Logo-2048px-1-150x150.png 150w, https:\/\/gazproidf.fr\/wp-content\/uploads\/2023\/05\/cropped-GazPro-Logo-2048px-1-270x270.png 270w, https:\/\/gazproidf.fr\/wp-content\/uploads\/2023\/05\/cropped-GazPro-Logo-2048px-1-192x192.png 192w, https:\/\/gazproidf.fr\/wp-content\/uploads\/2023\/05\/cropped-GazPro-Logo-2048px-1-180x180.png 180w, https:\/\/gazproidf.fr\/wp-content\/uploads\/2023\/05\/cropped-GazPro-Logo-2048px-1-32x32.png 32w\" sizes=\"auto, (max-width: 512px) 100vw, 512px\" \/><\/figure>\n<\/div>\n\n\n<div style=\"height:25px\" aria-hidden=\"true\" class=\"wp-block-spacer\"><\/div>\n<\/div>\n<\/div>\n\n\n\n<div class=\"wp-block-columns container is-layout-flex wp-container-core-columns-is-layout-9d6595d7 wp-block-columns-is-layout-flex\">\n<div class=\"wp-block-column is-layout-flow wp-block-column-is-layout-flow\"><div class=\"wp-block-image is-style-default\">\n<figure class=\"aligncenter size-thumbnail is-resized\"><img loading=\"lazy\" decoding=\"async\" width=\"150\" height=\"150\" src=\"http:\/\/gazproidf.fr\/wp-content\/uploads\/2023\/06\/Human2-150x150.png\" alt=\"Logo qualit\u00e9 humain\" class=\"wp-image-66\" style=\"width:100px;height:100px\" srcset=\"https:\/\/gazproidf.fr\/wp-content\/uploads\/2023\/06\/Human2-150x150.png 150w, https:\/\/gazproidf.fr\/wp-content\/uploads\/2023\/06\/Human2-300x300.png 300w, https:\/\/gazproidf.fr\/wp-content\/uploads\/2023\/06\/Human2.png 512w\" sizes=\"auto, (max-width: 150px) 100vw, 150px\" \/><\/figure>\n<\/div>\n\n\n<h5 class=\"wp-block-heading has-text-align-center has-text-color\" style=\"color:#3c4858;font-size:18px\">Humain<\/h5>\n\n\n\n<p class=\"has-text-align-center has-text-color\" style=\"color:#999999;font-size:14px\">Nous \u00e9coutons, cherchons la meilleure solution avec vous selon votre situation et l&#8217;appliquons.<\/p>\n\n\n\n<div style=\"height:25px\" aria-hidden=\"true\" class=\"wp-block-spacer\"><\/div>\n<\/div>\n\n\n\n<div class=\"wp-block-column is-layout-flow wp-block-column-is-layout-flow\"><div class=\"wp-block-image\">\n<figure class=\"aligncenter size-full is-resized\"><img loading=\"lazy\" decoding=\"async\" width=\"512\" height=\"512\" src=\"http:\/\/gazproidf.fr\/wp-content\/uploads\/2023\/06\/Quality.png\" alt=\"Logo qualit\u00e9\" class=\"wp-image-68\" style=\"width:100px;height:100px\" srcset=\"https:\/\/gazproidf.fr\/wp-content\/uploads\/2023\/06\/Quality.png 512w, https:\/\/gazproidf.fr\/wp-content\/uploads\/2023\/06\/Quality-300x300.png 300w, https:\/\/gazproidf.fr\/wp-content\/uploads\/2023\/06\/Quality-150x150.png 150w\" sizes=\"auto, (max-width: 512px) 100vw, 512px\" \/><\/figure>\n<\/div>\n\n\n<h5 class=\"wp-block-heading has-text-align-center has-text-color\" style=\"color:#3c4858;font-size:18px\">Qualit\u00e9<\/h5>\n\n\n\n<p class=\"has-text-align-center has-text-color\" style=\"color:#999999;font-size:14px\">Nous nous engageons \u00e0 fournir un service de qualit\u00e9 afin que vos probl\u00e8mes de gaz ou de plomberie ne soient plus qu&#8217;un mauvais souvenir.<\/p>\n\n\n\n<div style=\"height:25px\" aria-hidden=\"true\" class=\"wp-block-spacer\"><\/div>\n<\/div>\n\n\n\n<div class=\"wp-block-column is-layout-flow wp-block-column-is-layout-flow\"><div class=\"wp-block-image\">\n<figure class=\"aligncenter size-full is-resized\"><img loading=\"lazy\" decoding=\"async\" width=\"512\" height=\"512\" src=\"http:\/\/gazproidf.fr\/wp-content\/uploads\/2023\/06\/Expert.png\" alt=\"Logo expertise\" class=\"wp-image-69\" style=\"width:100px;height:100px\" srcset=\"https:\/\/gazproidf.fr\/wp-content\/uploads\/2023\/06\/Expert.png 512w, https:\/\/gazproidf.fr\/wp-content\/uploads\/2023\/06\/Expert-300x300.png 300w, https:\/\/gazproidf.fr\/wp-content\/uploads\/2023\/06\/Expert-150x150.png 150w\" sizes=\"auto, (max-width: 512px) 100vw, 512px\" \/><\/figure>\n<\/div>\n\n\n<h5 class=\"wp-block-heading has-text-align-center has-text-color\" style=\"color:#3c4858;font-size:18px\">Expertise<\/h5>\n\n\n\n<p class=\"has-text-align-center has-text-color\" style=\"color:#999999;font-size:14px\">Nous trouverons rapidement une solution \u00e0 votre probl\u00e8me en nous basant sur notre expertise bas\u00e9e sur plusieurs ann\u00e9es d&#8217;exp\u00e9rience.<\/p>\n\n\n\n<div style=\"height:25px\" aria-hidden=\"true\" class=\"wp-block-spacer\"><\/div>\n<\/div>\n<\/div>\n\n\n\n<div style=\"height:40px\" aria-hidden=\"true\" class=\"wp-block-spacer\"><\/div>\n<\/div><\/div>\n\n\n\n<div class=\"wp-block-columns container is-layout-flex wp-container-core-columns-is-layout-9d6595d7 wp-block-columns-is-layout-flex\">\n<div class=\"wp-block-column col-md-5 is-layout-flow wp-block-column-is-layout-flow\">\n<div style=\"height:55px\" aria-hidden=\"true\" class=\"wp-block-spacer\"><\/div>\n\n\n\n<h2 class=\"wp-block-heading\">Services propos\u00e9s<\/h2>\n\n\n\n<h4 class=\"wp-block-heading\">Chauffage<\/h4>\n\n\n\n<p>\u2713 Chauffe-eau et ballon d&#8217;eau chaude<br>\u2713 Remplacement de chaudi\u00e8re gaz ou fioul<br>\u2713 D\u00e9pannage de chaudi\u00e8res murales<br>\u2713 Maintenance de vos installations&#8230;<\/p>\n\n\n\n<h4 class=\"wp-block-heading\">Installation \/ Plomberie<\/h4>\n\n\n\n<p>\u2713 WC au sol, suspendu, broyeur, m\u00e9canismes de chasse d&#8217;eau<br>\u2713 Robinetterie : mitigeur thermostatique et m\u00e9langeur<br>\u2713Radiateur s\u00e8che-serviettes<br>\u2713 Lavabos, lave-mains, vasques, bidets&#8230;<br>\u2713 etc&#8230;<\/p>\n<\/div>\n\n\n\n<div class=\"wp-block-column col-md-6 col-md-offset1 is-layout-flow wp-block-column-is-layout-flow\">\n<div style=\"height:55px\" aria-hidden=\"true\" class=\"wp-block-spacer\"><\/div>\n\n\n\n<figure class=\"wp-block-image size-large is-resized\"><img loading=\"lazy\" decoding=\"async\" width=\"2045\" height=\"1149\" src=\"http:\/\/gazproidf.fr\/wp-content\/uploads\/2023\/06\/cropped-GazPro-Logo-2048px-edited.png\" alt=\"Logo GazPro \u00cele-de-France\" class=\"wp-image-80\" style=\"width:457px;height:256px\" srcset=\"https:\/\/gazproidf.fr\/wp-content\/uploads\/2023\/06\/cropped-GazPro-Logo-2048px-edited.png 2045w, https:\/\/gazproidf.fr\/wp-content\/uploads\/2023\/06\/cropped-GazPro-Logo-2048px-edited-300x169.png 300w, https:\/\/gazproidf.fr\/wp-content\/uploads\/2023\/06\/cropped-GazPro-Logo-2048px-edited-1024x575.png 1024w, https:\/\/gazproidf.fr\/wp-content\/uploads\/2023\/06\/cropped-GazPro-Logo-2048px-edited-768x432.png 768w, https:\/\/gazproidf.fr\/wp-content\/uploads\/2023\/06\/cropped-GazPro-Logo-2048px-edited-1536x863.png 1536w\" sizes=\"auto, (max-width: 2045px) 100vw, 2045px\" \/><\/figure>\n\n\n\n<h4 class=\"wp-block-heading\">Entretien<\/h4>\n\n\n\n<p>\u2713 Entretien des canalisations, curage, d\u00e9bouchage<br>\u2713 Installation de r\u00e9ducteur de pression<br>\u2713 Travaux sur tuyauteries cuivre, acier, plomb, pvc<br>\u2713 Raccordement gaz \/ eau<\/p>\n\n\n\n<h4 class=\"wp-block-heading\"><\/h4>\n<\/div>\n<\/div>\n","protected":false},"excerpt":{"rendered":"<p>Services propos\u00e9s Chauffage \u2713 Chauffe-eau et ballon d&#8217;eau chaude\u2713 Remplacement de chaudi\u00e8re gaz ou fioul\u2713 D\u00e9pannage de chaudi\u00e8res murales\u2713 Maintenance de vos installations&#8230; Installation \/ Plomberie \u2713 WC au sol, suspendu, broyeur, m\u00e9canismes de chasse d&#8217;eau\u2713 Robinetterie : mitigeur thermostatique et m\u00e9langeur\u2713Radiateur s\u00e8che-serviettes\u2713 Lavabos, lave-mains, vasques, bidets&#8230;\u2713 etc&#8230; Entretien \u2713 [&hellip;]<\/p>\n","protected":false},"author":1,"featured_media":0,"parent":0,"menu_order":0,"comment_status":"closed","ping_status":"closed","template":"","meta":{"footnotes":""},"class_list":["post-12","page","type-page","status-publish","hentry"],"_links":{"self":[{"href":"https:\/\/gazproidf.fr\/index.php?rest_route=\/wp\/v2\/pages\/12","targetHints":{"allow":["GET"]}}],"collection":[{"href":"https:\/\/gazproidf.fr\/index.php?rest_route=\/wp\/v2\/pages"}],"about":[{"href":"https:\/\/gazproidf.fr\/index.php?rest_route=\/wp\/v2\/types\/page"}],"author":[{"embeddable":true,"href":"https:\/\/gazproidf.fr\/index.php?rest_route=\/wp\/v2\/users\/1"}],"replies":[{"embeddable":true,"href":"https:\/\/gazproidf.fr\/index.php?rest_route=%2Fwp%2Fv2%2Fcomments&post=12"}],"version-history":[{"count":15,"href":"https:\/\/gazproidf.fr\/index.php?rest_route=\/wp\/v2\/pages\/12\/revisions"}],"predecessor-version":[{"id":99,"href":"https:\/\/gazproidf.fr\/index.php?rest_route=\/wp\/v2\/pages\/12\/revisions\/99"}],"wp:attachment":[{"href":"https:\/\/gazproidf.fr\/index.php?rest_route=%2Fwp%2Fv2%2Fmedia&parent=12"}],"curies":[{"name":"wp","href":"https:\/\/api.w.org\/{rel}","templated":true}]}}